{"id":16244,"date":"2026-03-30T10:24:44","date_gmt":"2026-03-30T10:24:44","guid":{"rendered":"https:\/\/www.campari.com\/fr-ca\/?page_id=16244"},"modified":"2026-04-20T14:33:08","modified_gmt":"2026-04-20T14:33:08","slug":"campari-simplement-complexe-a-la-decouverte-de-lamer","status":"publish","type":"page","link":"https:\/\/www.campari.com\/fr-ca\/campari-simplement-complexe-a-la-decouverte-de-lamer\/","title":{"rendered":"D\u00e9gustation de Negroni: Montr\u00e9al, Toronto, Vancouver"},"content":{"rendered":"","protected":false},"excerpt":{"rendered":"","protected":false},"author":10034,"featured_media":0,"parent":0,"menu_order":0,"comment_status":"closed","ping_status":"closed","template":"templates\/tpl-blocks.php","meta":{"_acf_changed":false,"footnotes":""},"class_list":["post-16244","page","type-page","status-publish","hentry"],"acf":[],"yoast_head":"<!-- This site is optimized with the Yoast SEO plugin v26.9 - https:\/\/yoast.com\/product\/yoast-seo-wordpress\/ -->\n<title>D\u00e9gustation de Negroni: Montr\u00e9al, Toronto, Vancouver | Campari - fr-ca<\/title>\n<meta name=\"description\" content=\"Une d\u00e9gustation guid\u00e9e de deux heures \u00e0 Toronto, Montr\u00e9al et Vancouver, con\u00e7ue pour d\u00e9mystifier l\u2019amertume et r\u00e9v\u00e9ler l\u2019\u00e9l\u00e9gante simplicit\u00e9 au c\u0153ur du Negroni.\" \/>\n<meta name=\"robots\" content=\"index, follow, max-snippet:-1, max-image-preview:large, max-video-preview:-1\" \/>\n<meta property=\"og:type\" content=\"article\" \/>\n<meta property=\"og:title\" content=\"D\u00e9gustation de Negroni: Montr\u00e9al, Toronto, Vancouver | Campari - fr-ca\" \/>\n<meta property=\"og:description\" content=\"Une d\u00e9gustation guid\u00e9e de deux heures \u00e0 Toronto, Montr\u00e9al et Vancouver, con\u00e7ue pour d\u00e9mystifier l\u2019amertume et r\u00e9v\u00e9ler l\u2019\u00e9l\u00e9gante simplicit\u00e9 au c\u0153ur du Negroni.\" \/>\n<meta property=\"og:url\" content=\"https:\/\/www.campari.com\/fr-ca\/campari-simplement-complexe-a-la-decouverte-de-lamer\/\" \/>\n<meta property=\"og:site_name\" content=\"Campari - fr-ca\" \/>\n<meta property=\"article:modified_time\" content=\"2026-04-20T14:33:08+00:00\" \/>\n<meta name=\"twitter:card\" content=\"summary_large_image\" \/>\n<!-- \/ Yoast SEO plugin. -->","yoast_head_json":{"title":"D\u00e9gustation de Negroni: Montr\u00e9al, Toronto, Vancouver | Campari - fr-ca","description":"Une d\u00e9gustation guid\u00e9e de deux heures \u00e0 Toronto, Montr\u00e9al et Vancouver, con\u00e7ue pour d\u00e9mystifier l\u2019amertume et r\u00e9v\u00e9ler l\u2019\u00e9l\u00e9gante simplicit\u00e9 au c\u0153ur du Negroni.","robots":{"index":"index","follow":"follow","max-snippet":"max-snippet:-1","max-image-preview":"max-image-preview:large","max-video-preview":"max-video-preview:-1"},"og_type":"article","og_title":"D\u00e9gustation de Negroni: Montr\u00e9al, Toronto, Vancouver | Campari - fr-ca","og_description":"Une d\u00e9gustation guid\u00e9e de deux heures \u00e0 Toronto, Montr\u00e9al et Vancouver, con\u00e7ue pour d\u00e9mystifier l\u2019amertume et r\u00e9v\u00e9ler l\u2019\u00e9l\u00e9gante simplicit\u00e9 au c\u0153ur du Negroni.","og_url":"https:\/\/www.campari.com\/fr-ca\/campari-simplement-complexe-a-la-decouverte-de-lamer\/","og_site_name":"Campari - fr-ca","article_modified_time":"2026-04-20T14:33:08+00:00","twitter_card":"summary_large_image","schema":{"@context":"https:\/\/schema.org","@graph":[{"@type":"WebPage","@id":"https:\/\/www.campari.com\/fr-ca\/campari-simplement-complexe-a-la-decouverte-de-lamer\/","url":"https:\/\/www.campari.com\/fr-ca\/campari-simplement-complexe-a-la-decouverte-de-lamer\/","name":"D\u00e9gustation de Negroni: Montr\u00e9al, Toronto, Vancouver | Campari - fr-ca","isPartOf":{"@id":"https:\/\/www.campari.com\/fr-ca\/#website"},"datePublished":"2026-03-30T10:24:44+00:00","dateModified":"2026-04-20T14:33:08+00:00","description":"Une d\u00e9gustation guid\u00e9e de deux heures \u00e0 Toronto, Montr\u00e9al et Vancouver, con\u00e7ue pour d\u00e9mystifier l\u2019amertume et r\u00e9v\u00e9ler l\u2019\u00e9l\u00e9gante simplicit\u00e9 au c\u0153ur du Negroni.","breadcrumb":{"@id":"https:\/\/www.campari.com\/fr-ca\/campari-simplement-complexe-a-la-decouverte-de-lamer\/#breadcrumb"},"inLanguage":"fr-CA","potentialAction":[{"@type":"ReadAction","target":["https:\/\/www.campari.com\/fr-ca\/campari-simplement-complexe-a-la-decouverte-de-lamer\/"]}]},{"@type":"BreadcrumbList","@id":"https:\/\/www.campari.com\/fr-ca\/campari-simplement-complexe-a-la-decouverte-de-lamer\/#breadcrumb","itemListElement":[{"@type":"ListItem","position":1,"name":"Home","item":"https:\/\/www.campari.com\/fr-ca\/"},{"@type":"ListItem","position":2,"name":"D\u00e9gustation de Negroni: Montr\u00e9al, Toronto, Vancouver"}]},{"@type":"WebSite","@id":"https:\/\/www.campari.com\/fr-ca\/#website","url":"https:\/\/www.campari.com\/fr-ca\/","name":"Campari - fr-ca","description":"The Iconic Red Italian Bitter","potentialAction":[{"@type":"SearchAction","target":{"@type":"EntryPoint","urlTemplate":"https:\/\/www.campari.com\/fr-ca\/?s={search_term_string}"},"query-input":{"@type":"PropertyValueSpecification","valueRequired":true,"valueName":"search_term_string"}}],"inLanguage":"fr-CA"}]}},"_links":{"self":[{"href":"https:\/\/www.campari.com\/fr-ca\/wp-json\/wp\/v2\/pages\/16244","targetHints":{"allow":["GET"]}}],"collection":[{"href":"https:\/\/www.campari.com\/fr-ca\/wp-json\/wp\/v2\/pages"}],"about":[{"href":"https:\/\/www.campari.com\/fr-ca\/wp-json\/wp\/v2\/types\/page"}],"author":[{"embeddable":true,"href":"https:\/\/www.campari.com\/fr-ca\/wp-json\/wp\/v2\/users\/10034"}],"replies":[{"embeddable":true,"href":"https:\/\/www.campari.com\/fr-ca\/wp-json\/wp\/v2\/comments?post=16244"}],"version-history":[{"count":27,"href":"https:\/\/www.campari.com\/fr-ca\/wp-json\/wp\/v2\/pages\/16244\/revisions"}],"predecessor-version":[{"id":16286,"href":"https:\/\/www.campari.com\/fr-ca\/wp-json\/wp\/v2\/pages\/16244\/revisions\/16286"}],"wp:attachment":[{"href":"https:\/\/www.campari.com\/fr-ca\/wp-json\/wp\/v2\/media?parent=16244"}],"curies":[{"name":"wp","href":"https:\/\/api.w.org\/{rel}","templated":true}]}}