{"id":639,"date":"2022-03-07T11:34:47","date_gmt":"2022-03-07T11:34:47","guid":{"rendered":"https:\/\/www.campari.com\/?page_id=639"},"modified":"2025-10-21T15:48:26","modified_gmt":"2025-10-21T15:48:26","slug":"campari-spritz","status":"publish","type":"page","link":"https:\/\/www.campari.com\/cs-cz\/nase-koktejly\/campari-spritz\/","title":{"rendered":"Campari Spritz"},"content":{"rendered":"","protected":false},"excerpt":{"rendered":"","protected":false},"author":10001,"featured_media":0,"parent":67,"menu_order":0,"comment_status":"closed","ping_status":"closed","template":"templates\/tpl-blocks.php","meta":{"_acf_changed":false,"footnotes":""},"class_list":["post-639","page","type-page","status-publish","hentry"],"acf":[],"yoast_head":"<!-- This site is optimized with the Yoast SEO plugin v26.9 - https:\/\/yoast.com\/product\/yoast-seo-wordpress\/ -->\n<title>Jak nam\u00edchat Campari Spritz: Origin\u00e1ln\u00ed recept | Campari<\/title>\n<meta name=\"description\" content=\"Zjist\u011bte, jak spr\u00e1vn\u011b nam\u00edchat Campari Spritz. Tento n\u00e1poj je jednou z obl\u00edben\u00fdch klasik mezi milovn\u00edky Campari a zvl\u00e1dne ho p\u0159ipravit ka\u017ed\u00fd.\" \/>\n<meta name=\"robots\" content=\"index, follow, max-snippet:-1, max-image-preview:large, max-video-preview:-1\" \/>\n<meta property=\"og:type\" content=\"article\" \/>\n<meta property=\"og:title\" content=\"Jak nam\u00edchat Campari Spritz: Origin\u00e1ln\u00ed recept | Campari\" \/>\n<meta property=\"og:description\" content=\"Zjist\u011bte, jak spr\u00e1vn\u011b nam\u00edchat Campari Spritz. Tento n\u00e1poj je jednou z obl\u00edben\u00fdch klasik mezi milovn\u00edky Campari a zvl\u00e1dne ho p\u0159ipravit ka\u017ed\u00fd.\" \/>\n<meta property=\"og:url\" content=\"https:\/\/www.campari.com\/cs-cz\/nase-koktejly\/campari-spritz\/\" \/>\n<meta property=\"og:site_name\" content=\"Campari - cs-cz\" \/>\n<meta property=\"article:modified_time\" content=\"2025-10-21T15:48:26+00:00\" \/>\n<meta name=\"twitter:card\" content=\"summary_large_image\" \/>\n<!-- \/ Yoast SEO plugin. -->","yoast_head_json":{"title":"Jak nam\u00edchat Campari Spritz: Origin\u00e1ln\u00ed recept | Campari","description":"Zjist\u011bte, jak spr\u00e1vn\u011b nam\u00edchat Campari Spritz. Tento n\u00e1poj je jednou z obl\u00edben\u00fdch klasik mezi milovn\u00edky Campari a zvl\u00e1dne ho p\u0159ipravit ka\u017ed\u00fd.","robots":{"index":"index","follow":"follow","max-snippet":"max-snippet:-1","max-image-preview":"max-image-preview:large","max-video-preview":"max-video-preview:-1"},"og_type":"article","og_title":"Jak nam\u00edchat Campari Spritz: Origin\u00e1ln\u00ed recept | Campari","og_description":"Zjist\u011bte, jak spr\u00e1vn\u011b nam\u00edchat Campari Spritz. Tento n\u00e1poj je jednou z obl\u00edben\u00fdch klasik mezi milovn\u00edky Campari a zvl\u00e1dne ho p\u0159ipravit ka\u017ed\u00fd.","og_url":"https:\/\/www.campari.com\/cs-cz\/nase-koktejly\/campari-spritz\/","og_site_name":"Campari - cs-cz","article_modified_time":"2025-10-21T15:48:26+00:00","twitter_card":"summary_large_image","schema":{"@context":"https:\/\/schema.org","@graph":[{"@type":"WebPage","@id":"https:\/\/www.campari.com\/cs-cz\/nase-koktejly\/campari-spritz\/","url":"https:\/\/www.campari.com\/cs-cz\/nase-koktejly\/campari-spritz\/","name":"Jak nam\u00edchat Campari Spritz: Origin\u00e1ln\u00ed recept | Campari","isPartOf":{"@id":"https:\/\/www.campari.com\/cs-cz\/#website"},"datePublished":"2022-03-07T11:34:47+00:00","dateModified":"2025-10-21T15:48:26+00:00","description":"Zjist\u011bte, jak spr\u00e1vn\u011b nam\u00edchat Campari Spritz. Tento n\u00e1poj je jednou z obl\u00edben\u00fdch klasik mezi milovn\u00edky Campari a zvl\u00e1dne ho p\u0159ipravit ka\u017ed\u00fd.","breadcrumb":{"@id":"https:\/\/www.campari.com\/cs-cz\/nase-koktejly\/campari-spritz\/#breadcrumb"},"inLanguage":"cs-CZ","potentialAction":[{"@type":"ReadAction","target":["https:\/\/www.campari.com\/cs-cz\/nase-koktejly\/campari-spritz\/"]}]},{"@type":"BreadcrumbList","@id":"https:\/\/www.campari.com\/cs-cz\/nase-koktejly\/campari-spritz\/#breadcrumb","itemListElement":[{"@type":"ListItem","position":1,"name":"Home","item":"https:\/\/www.campari.com\/cs-cz\/"},{"@type":"ListItem","position":2,"name":"NA\u0160E KOKTEJLY","item":"https:\/\/www.campari.com\/cs-cz\/nase-koktejly\/"},{"@type":"ListItem","position":3,"name":"Campari Spritz"}]},{"@type":"WebSite","@id":"https:\/\/www.campari.com\/cs-cz\/#website","url":"https:\/\/www.campari.com\/cs-cz\/","name":"Campari - cs-cz","description":"The Iconic Red Italian Bitter","potentialAction":[{"@type":"SearchAction","target":{"@type":"EntryPoint","urlTemplate":"https:\/\/www.campari.com\/cs-cz\/?s={search_term_string}"},"query-input":{"@type":"PropertyValueSpecification","valueRequired":true,"valueName":"search_term_string"}}],"inLanguage":"cs-CZ"}]}},"_links":{"self":[{"href":"https:\/\/www.campari.com\/cs-cz\/wp-json\/wp\/v2\/pages\/639","targetHints":{"allow":["GET"]}}],"collection":[{"href":"https:\/\/www.campari.com\/cs-cz\/wp-json\/wp\/v2\/pages"}],"about":[{"href":"https:\/\/www.campari.com\/cs-cz\/wp-json\/wp\/v2\/types\/page"}],"author":[{"embeddable":true,"href":"https:\/\/www.campari.com\/cs-cz\/wp-json\/wp\/v2\/users\/10001"}],"replies":[{"embeddable":true,"href":"https:\/\/www.campari.com\/cs-cz\/wp-json\/wp\/v2\/comments?post=639"}],"version-history":[{"count":4,"href":"https:\/\/www.campari.com\/cs-cz\/wp-json\/wp\/v2\/pages\/639\/revisions"}],"predecessor-version":[{"id":17492,"href":"https:\/\/www.campari.com\/cs-cz\/wp-json\/wp\/v2\/pages\/639\/revisions\/17492"}],"up":[{"embeddable":true,"href":"https:\/\/www.campari.com\/cs-cz\/wp-json\/wp\/v2\/pages\/67"}],"wp:attachment":[{"href":"https:\/\/www.campari.com\/cs-cz\/wp-json\/wp\/v2\/media?parent=639"}],"curies":[{"name":"wp","href":"https:\/\/api.w.org\/{rel}","templated":true}]}}